{"id":29373,"date":"2025-11-28T16:22:15","date_gmt":"2025-11-28T13:22:15","guid":{"rendered":"https:\/\/enkadatasolutions.com\/lokasyonlar\/eds-eur-01\/"},"modified":"2025-12-03T11:04:24","modified_gmt":"2025-12-03T08:04:24","slug":"eds-eur-01","status":"publish","type":"page","link":"https:\/\/enkadatasolutions.com\/tr\/lokasyonlar\/eds-eur-01\/","title":{"rendered":"EDS EUR 01"},"content":{"rendered":"\t\t<div data-elementor-type=\"wp-page\" data-elementor-id=\"29373\" class=\"elementor elementor-29373 elementor-29368\" data-elementor-post-type=\"page\">\n\t\t\t\t<div class=\"elementor-element elementor-element-aad5e8a e-flex e-con-boxed e-con e-child\" data-id=\"aad5e8a\" data-element_type=\"container\" data-e-type=\"container\" data-settings=\"{&quot;background_background&quot;:&quot;classic&quot;}\">\n\t\t\t\t\t<div class=\"e-con-inner\">\n\t\t\t\t<div class=\"elementor-element elementor-element-8a1c993 elementor-widget__width-inherit elementor-widget elementor-widget-ucaddon_hotspot\" data-id=\"8a1c993\" data-element_type=\"widget\" data-e-type=\"widget\" data-widget_type=\"ucaddon_hotspot.default\">\n\t\t\t\t<div class=\"elementor-widget-container\">\n\t\t\t\t\t\n<!-- start Hotspots -->\n\t\t<link id='uc_ac_assets_file_tooltipster_bundle_min_css_6495-css' href='https:\/\/enkadatasolutions.com\/wp-content\/uploads\/ac_assets\/Hotspot\/tooltipster.bundle.min.css' type='text\/css' rel='stylesheet' >\n\n<style>\/* widget: Hotspots *\/\n\n#uc_hotspot_elementor_8a1c993{\n  position:relative;\n  display: flex;\n}\n\n#uc_hotspot_elementor_8a1c993 .ue_hotspot_container{\n  position: relative;\n}\n\n#uc_hotspot_elementor_8a1c993 img{\n  display:block;\n  transition: all .3s ease;\n}\n\n#uc_hotspot_elementor_8a1c993 .ue-hotspot-icon{\n  display:inline-block;\n  line-height:1em;\n}\n\n#uc_hotspot_elementor_8a1c993 .ue-hotspot-icon svg{\n  height:1em;\n  width:1em;\n}\n\n#uc_hotspot_elementor_8a1c993 .item-popup{\n  overflow:hidden;\n}\n\n#uc_hotspot_elementor_8a1c993 .item-popup-text{\n  display: flex;\n  flex-direction: column;\n}\n\n#uc_hotspot_elementor_8a1c993 .spot{\n  display:flex;\n  align-items:center;\n  justify-content:center;\n  text-align:center;\n  cursor:pointer;\n  position:absolute;\n  transform:translate(-50%,-50%);\n  box-sizing:border-box;\n  transition:0.5s;\n  line-height:1em;\n  text-decoration:none;  \n  \t\n}\n\n#uc_hotspot_elementor_8a1c993 .spot:hover{\n  transform:translate(-50%,-50%) scale(0.9,0.9);\n}\n\n#uc_hotspot_elementor_8a1c993 .spot:before{\n    content: '';\n    display: inline-block;\n    position: absolute;\n    top: -2px;\n    left: -2px;\n    bottom: -2px;\n    right: -2px;\n    border-radius: inherit;\n    border-width:1px;\n    border-style:solid;\n    -webkit-animation: btnIconRipple 2s cubic-bezier(0.23, 1, 0.32, 1) both infinite;\n    animation: btnIconRipple 2s cubic-bezier(0.23, 1, 0.32, 1) both infinite;\n}\n\n@keyframes btnIconRipple {\n  0% {\n    border-width: 4px;\n            transform: scale(1);\n  }\n  80% {\n    border-width: 1px;\n            transform: scale(1.35);\n  }\n  100% {\n    opacity: 0;\n  }\n}\n\n#uc_hotspot_elementor_8a1c993 .tooltipster-base{\n  max-width:300px;\n}\n\n#uc_hotspot_elementor_8a1c993 .tooltipster-arrow{\n  left: 50% !important;\n}\n\n#uc_hotspot_elementor_8a1c993 .tooltipster-sidetip .tooltipster-box {\n\tbackground: #000000 !important;\n\tborder-color: #000000 !important;\n}\n\n#uc_hotspot_elementor_8a1c993 .tooltipster-sidetip .tooltipster-content{\n  color: #ffffff !important;\n}\n\n#uc_hotspot_elementor_8a1c993 .tooltipster-sidetip.tooltipster-bottom .tooltipster-arrow-background {\n\tborder-bottom-color: #000000 !important;\n}\n\n#uc_hotspot_elementor_8a1c993 .tooltipster-sidetip.tooltipster-left .tooltipster-arrow-background {\n\tborder-left-color: #000000 !important;\n}\n\n#uc_hotspot_elementor_8a1c993 .tooltipster-sidetip.tooltipster-right .tooltipster-arrow-background {\n\tborder-right-color: #000000 !important;\n}\n\n#uc_hotspot_elementor_8a1c993 .tooltipster-sidetip.tooltipster-top .tooltipster-arrow-background {\n\tborder-top-color: #000000 !important;\n}\n\n#uc_hotspot_elementor_8a1c993 .tooltipster-sidetip.tooltipster-bottom .tooltipster-arrow-border {\n\tborder-bottom-color: #000000 !important;\n}\n\n#uc_hotspot_elementor_8a1c993 .tooltipster-sidetip.tooltipster-left .tooltipster-arrow-border {\n\tborder-left-color: #000000 !important;\n}\n\n#uc_hotspot_elementor_8a1c993 .tooltipster-sidetip.tooltipster-right .tooltipster-arrow-border {\n\tborder-right-color: #000000 !important;\n}\n\n#uc_hotspot_elementor_8a1c993 .tooltipster-sidetip.tooltipster-top .tooltipster-arrow-border {\n\tborder-top-color: #000000 !important;\n}\n\n.ue-popup-overlay{\n  position:fixed;\n  top:0;\n  bottom:0;\n  right:0;\n  left:0;\n  width:100%;\n  display:none;\n  z-index: 99999;\n}\n\n.item-popup{\n  display:none;\n  background-color:white;\n  position:absolute;\n  transform:translate(-50%,-50%);\n  z-index:100000000;\n}\n\n.item-popup-title{\n  justify-content:space-between;\n  align-items:center;\n  display:flex;\n}\n\n.item-popup-close{\n  cursor:pointer;\n}\n\n.item-popup-text{\n  padding:20px;\n}\n\n.ue-hotspot-popup-button{\n  display: inline-block;\n}\n\n<\/style>\n\n<div id=\"uc_hotspot_elementor_8a1c993\" class=\"ue_hotspot \"  data-close-on-body-click=\"false\">\n  <img loading=\"lazy\" decoding=\"async\" src=\"https:\/\/enkadatasolutions.com\/wp-content\/uploads\/2025\/11\/worldmap6.svg\" src=\"https:\/\/enkadatasolutions.com\/wp-content\/uploads\/2025\/11\/worldmap6.svg\" alt=\"worldmap6\" width=\"1653\" height=\"981\">\n  <div class=\"uc-hotspots-items\">\n  <a class=\"ue_hotspot-item spot elementor-repeater-item-2a71d90 \" id=\"uc_hotspot_elementor_8a1c993_item1\" title=\"EDS IST 01 Tuzla\" >\n  1  <\/a>\n<a class=\"ue_hotspot-item spot elementor-repeater-item-391cfc8 \" id=\"uc_hotspot_elementor_8a1c993_item2\" title=\"EDS IST 02 Gebze\" >\n  2  <\/a>\n<a class=\"ue_hotspot-item spot elementor-repeater-item-0a6a09b \" id=\"uc_hotspot_elementor_8a1c993_item3\" title=\"EDS EUR 01\" >\n  EDS EUR 01  <\/a>\n<a class=\"ue_hotspot-item spot elementor-repeater-item-3fd9464 \" id=\"uc_hotspot_elementor_8a1c993_item4\" title=\"EDS EUR 02\" >\n  4  <\/a>\n<a class=\"ue_hotspot-item spot elementor-repeater-item-0746fbc \" id=\"uc_hotspot_elementor_8a1c993_item5\" title=\"EDS EUR 03\" >\n  5  <\/a>\n\n  <\/div>\n  \n    \n  <div class=\"ue_hotspot_container\"><\/div>\n<\/div>\n<!-- end Hotspots -->\t\t\t\t<\/div>\n\t\t\t\t<\/div>\n\t\t<div class=\"elementor-element elementor-element-758998a e-con-full e-flex e-con e-child\" data-id=\"758998a\" data-element_type=\"container\" data-e-type=\"container\">\n\t\t\t\t<div class=\"elementor-element elementor-element-1fba11c elementor-widget__width-initial elementor-widget elementor-widget-the7-heading\" data-id=\"1fba11c\" data-element_type=\"widget\" data-e-type=\"widget\" data-widget_type=\"the7-heading.default\">\n\t\t\t\t<div class=\"elementor-widget-container\">\n\t\t\t\t\t<div class=\"the7-heading-title elementor-size-default\">EDS EUR 01 <\/div>\t\t\t\t<\/div>\n\t\t\t\t<\/div>\n\t\t\t\t<div class=\"elementor-element elementor-element-a9cc758 elementor-widget__width-initial elementor-widget elementor-widget-the7-heading\" data-id=\"a9cc758\" data-element_type=\"widget\" data-e-type=\"widget\" data-widget_type=\"the7-heading.default\">\n\t\t\t\t<div class=\"elementor-widget-container\">\n\t\t\t\t\t<div class=\"the7-heading-title elementor-size-default\">Bu veri merkezi geli\u015ftirme a\u015famas\u0131ndad\u0131r.<\/div>\t\t\t\t<\/div>\n\t\t\t\t<\/div>\n\t\t<div class=\"elementor-element elementor-element-a096422 e-con-full e-flex e-con e-child\" data-id=\"a096422\" data-element_type=\"container\" data-e-type=\"container\">\n\t\t\t\t<div class=\"elementor-element elementor-element-1864c42 elementor-widget elementor-widget-text-editor\" data-id=\"1864c42\" data-element_type=\"widget\" data-e-type=\"widget\" data-widget_type=\"text-editor.default\">\n\t\t\t\t\t\t\t\t\t<p><span class=\"paint-accent-color\">Tel:<\/span> +90-444-7-339<\/p>\t\t\t\t\t\t\t\t<\/div>\n\t\t\t\t<div class=\"elementor-element elementor-element-e0abd4b elementor-widget elementor-widget-text-editor\" data-id=\"e0abd4b\" data-element_type=\"widget\" data-e-type=\"widget\" data-widget_type=\"text-editor.default\">\n\t\t\t\t\t\t\t\t\t<p><span class=\"paint-accent-color\">Mail:<\/span> <a href=\"mailto:info@enkadatasolutions.com\">info@enkadatasolutions.com<\/a><\/p>\t\t\t\t\t\t\t\t<\/div>\n\t\t<div class=\"elementor-element elementor-element-99831cc e-con-full e-flex e-con e-child\" data-id=\"99831cc\" data-element_type=\"container\" data-e-type=\"container\">\n\t\t\t\t<div class=\"elementor-element elementor-element-b4ca599 elementor-widget__width-auto elementor-align-center elementor-widget elementor-widget-the7_icon_widget\" data-id=\"b4ca599\" data-element_type=\"widget\" data-e-type=\"widget\" data-widget_type=\"the7_icon_widget.default\">\n\t\t\t\t<div class=\"elementor-widget-container\">\n\t\t\t\t\t<div class=\"the7-icon-wrapper the7-elementor-widget\"><a class=\"elementor-icon\" href=\"https:\/\/www.linkedin.com\/company\/enkadatasolutions\"><svg aria-hidden=\"true\" class=\"e-font-icon-svg e-fab-linkedin-in\" viewBox=\"0 0 448 512\" xmlns=\"http:\/\/www.w3.org\/2000\/svg\"><path d=\"M100.28 448H7.4V148.9h92.88zM53.79 108.1C24.09 108.1 0 83.5 0 53.8a53.79 53.79 0 0 1 107.58 0c0 29.7-24.1 54.3-53.79 54.3zM447.9 448h-92.68V302.4c0-34.7-.7-79.2-48.29-79.2-48.29 0-55.69 37.7-55.69 76.7V448h-92.78V148.9h89.08v40.8h1.3c12.4-23.5 42.69-48.3 87.88-48.3 94 0 111.28 61.9 111.28 142.3V448z\"><\/path><\/svg><\/a><\/div>\t\t\t\t<\/div>\n\t\t\t\t<\/div>\n\t\t\t\t<div class=\"elementor-element elementor-element-ee51b18 elementor-widget__width-auto elementor-align-center elementor-widget elementor-widget-the7_icon_widget\" data-id=\"ee51b18\" data-element_type=\"widget\" data-e-type=\"widget\" data-widget_type=\"the7_icon_widget.default\">\n\t\t\t\t<div class=\"elementor-widget-container\">\n\t\t\t\t\t<div class=\"the7-icon-wrapper the7-elementor-widget\"><a class=\"elementor-icon\" href=\"https:\/\/www.youtube.com\/@ENKA_Data_Solutions\"><svg xmlns=\"http:\/\/www.w3.org\/2000\/svg\" width=\"32\" height=\"32\" fill=\"#000000\" viewBox=\"0 0 256 256\"><path d=\"M164.44,121.34l-48-32A8,8,0,0,0,104,96v64a8,8,0,0,0,12.44,6.66l48-32a8,8,0,0,0,0-13.32ZM120,145.05V111l25.58,17ZM234.33,69.52a24,24,0,0,0-14.49-16.4C185.56,39.88,131,40,128,40s-57.56-.12-91.84,13.12a24,24,0,0,0-14.49,16.4C19.08,79.5,16,97.74,16,128s3.08,48.5,5.67,58.48a24,24,0,0,0,14.49,16.41C69,215.56,120.4,216,127.34,216h1.32c6.94,0,58.37-.44,91.18-13.11a24,24,0,0,0,14.49-16.41c2.59-10,5.67-28.22,5.67-58.48S236.92,79.5,234.33,69.52Zm-15.49,113a8,8,0,0,1-4.77,5.49c-31.65,12.22-85.48,12-86,12H128c-.54,0-54.33.2-86-12a8,8,0,0,1-4.77-5.49C34.8,173.39,32,156.57,32,128s2.8-45.39,5.16-54.47A8,8,0,0,1,41.93,68c30.52-11.79,81.66-12,85.85-12h.27c.54,0,54.38-.18,86,12a8,8,0,0,1,4.77,5.49C221.2,82.61,224,99.43,224,128S221.2,173.39,218.84,182.47Z\"><\/path><\/svg><\/a><\/div>\t\t\t\t<\/div>\n\t\t\t\t<\/div>\n\t\t\t\t<div class=\"elementor-element elementor-element-01f026b elementor-widget__width-auto elementor-align-center elementor-widget elementor-widget-the7_icon_widget\" data-id=\"01f026b\" data-element_type=\"widget\" data-e-type=\"widget\" data-widget_type=\"the7_icon_widget.default\">\n\t\t\t\t<div class=\"elementor-widget-container\">\n\t\t\t\t\t<div class=\"the7-icon-wrapper the7-elementor-widget\"><a class=\"elementor-icon\" href=\"https:\/\/x.com\/ENKA_data\"><svg xmlns=\"http:\/\/www.w3.org\/2000\/svg\" width=\"32\" height=\"32\" fill=\"#000000\" viewBox=\"0 0 256 256\"><path d=\"M214.75,211.71l-62.6-98.38,61.77-67.95a8,8,0,0,0-11.84-10.76L143.24,99.34,102.75,35.71A8,8,0,0,0,96,32H48a8,8,0,0,0-6.75,12.3l62.6,98.37-61.77,68a8,8,0,1,0,11.84,10.76l58.84-64.72,40.49,63.63A8,8,0,0,0,160,224h48a8,8,0,0,0,6.75-12.29ZM164.39,208,62.57,48h29L193.43,208Z\"><\/path><\/svg><\/a><\/div>\t\t\t\t<\/div>\n\t\t\t\t<\/div>\n\t\t\t\t<div class=\"elementor-element elementor-element-3c679da elementor-widget__width-auto elementor-align-center elementor-widget elementor-widget-the7_icon_widget\" data-id=\"3c679da\" data-element_type=\"widget\" data-e-type=\"widget\" data-widget_type=\"the7_icon_widget.default\">\n\t\t\t\t<div class=\"elementor-widget-container\">\n\t\t\t\t\t<div class=\"the7-icon-wrapper the7-elementor-widget\"><a class=\"elementor-icon\" href=\"https:\/\/www.instagram.com\/enka_datasolutions\"><svg xmlns=\"http:\/\/www.w3.org\/2000\/svg\" width=\"32\" height=\"32\" fill=\"#000000\" viewBox=\"0 0 256 256\"><path d=\"M128,80a48,48,0,1,0,48,48A48.05,48.05,0,0,0,128,80Zm0,80a32,32,0,1,1,32-32A32,32,0,0,1,128,160ZM176,24H80A56.06,56.06,0,0,0,24,80v96a56.06,56.06,0,0,0,56,56h96a56.06,56.06,0,0,0,56-56V80A56.06,56.06,0,0,0,176,24Zm40,152a40,40,0,0,1-40,40H80a40,40,0,0,1-40-40V80A40,40,0,0,1,80,40h96a40,40,0,0,1,40,40ZM192,76a12,12,0,1,1-12-12A12,12,0,0,1,192,76Z\"><\/path><\/svg><\/a><\/div>\t\t\t\t<\/div>\n\t\t\t\t<\/div>\n\t\t\t\t<\/div>\n\t\t\t\t<\/div>\n\t\t\t\t<\/div>\n\t\t\t\t\t<\/div>\n\t\t\t\t<\/div>\n\t\t\t\t<\/div>\n\t\t","protected":false},"excerpt":{"rendered":"<p>1 2 EDS EUR 01 4 5 EDS EUR 01 Bu veri merkezi geli\u015ftirme a\u015famas\u0131ndad\u0131r. Tel: +90-444-7-339 Mail: info@enkadatasolutions.com<\/p>\n","protected":false},"author":1,"featured_media":0,"parent":27502,"menu_order":0,"comment_status":"closed","ping_status":"closed","template":"elementor_header_footer","meta":{"_acf_changed":false,"om_disable_all_campaigns":false,"inline_featured_image":false,"_monsterinsights_skip_tracking":false,"_monsterinsights_sitenote_active":false,"_monsterinsights_sitenote_note":"","_monsterinsights_sitenote_category":0,"footnotes":""},"class_list":["post-29373","page","type-page","status-publish","hentry"],"aioseo_notices":[],"acf":[],"_links":{"self":[{"href":"https:\/\/enkadatasolutions.com\/tr\/wp-json\/wp\/v2\/pages\/29373","targetHints":{"allow":["GET"]}}],"collection":[{"href":"https:\/\/enkadatasolutions.com\/tr\/wp-json\/wp\/v2\/pages"}],"about":[{"href":"https:\/\/enkadatasolutions.com\/tr\/wp-json\/wp\/v2\/types\/page"}],"author":[{"embeddable":true,"href":"https:\/\/enkadatasolutions.com\/tr\/wp-json\/wp\/v2\/users\/1"}],"replies":[{"embeddable":true,"href":"https:\/\/enkadatasolutions.com\/tr\/wp-json\/wp\/v2\/comments?post=29373"}],"version-history":[{"count":5,"href":"https:\/\/enkadatasolutions.com\/tr\/wp-json\/wp\/v2\/pages\/29373\/revisions"}],"predecessor-version":[{"id":29611,"href":"https:\/\/enkadatasolutions.com\/tr\/wp-json\/wp\/v2\/pages\/29373\/revisions\/29611"}],"up":[{"embeddable":true,"href":"https:\/\/enkadatasolutions.com\/tr\/wp-json\/wp\/v2\/pages\/27502"}],"wp:attachment":[{"href":"https:\/\/enkadatasolutions.com\/tr\/wp-json\/wp\/v2\/media?parent=29373"}],"curies":[{"name":"wp","href":"https:\/\/api.w.org\/{rel}","templated":true}]}}